{"id":3752,"date":"2025-07-08T09:59:41","date_gmt":"2025-07-08T07:59:41","guid":{"rendered":"https:\/\/luxola.spadesdesign.de\/aviso-legal\/"},"modified":"2025-07-08T16:09:33","modified_gmt":"2025-07-08T14:09:33","slug":"aviso-legal","status":"publish","type":"page","link":"https:\/\/luxola.spadesdesign.de\/es\/aviso-legal\/","title":{"rendered":"Aviso legal"},"content":{"rendered":"\t\t<div data-elementor-type=\"wp-page\" data-elementor-id=\"3752\" class=\"elementor elementor-3752 elementor-3734\" data-elementor-post-type=\"page\">\n\t\t\t\t<div class=\"elementor-element elementor-element-67b61996 e-flex e-con-boxed e-con e-parent\" data-id=\"67b61996\" data-element_type=\"container\" data-e-type=\"container\">\n\t\t\t\t\t<div class=\"e-con-inner\">\n\t\t\t\t<div class=\"elementor-element elementor-element-c0cc6a9 elementor-widget elementor-widget-bauen-title\" data-id=\"c0cc6a9\" data-element_type=\"widget\" data-e-type=\"widget\" data-widget_type=\"bauen-title.default\">\n\t\t\t\t<div class=\"elementor-widget-container\">\n\t\t\t\t\t\t\t\n\t\t\t\n\t\t\t\t\t\t<h2 class=\"section-title \">Aviso Legal<\/h2>\n\t\t\t\t\n\t\t\t\t\t\t<p><p>Davison Media Digital<br \/>Garry Marc Davison<br \/>M\u00fcnsterstra\u00dfe 304<br \/>40470 D\u00fcsseldorf<br \/>Alemania<\/p><p>Tel\u00e9fono: <span style=\"text-decoration: underline;\"><em><strong><a href=\"tel:+4915209797972\">+49 152 097 97 97 2<\/a><\/strong><\/em><\/span><br \/>Correo electr\u00f3nico: <span style=\"text-decoration: underline;\"><em><strong><a href=\"mailto:info@davison-media.digital\">info@davison-media.digital<\/a><\/strong><\/em><\/span><\/p><\/p>\n\t\t\t\t\n        \n\t\t\t\n        \t\t\t\t<\/div>\n\t\t\t\t<\/div>\n\t\t\t\t<div class=\"elementor-element elementor-element-9ac01c5 elementor-widget elementor-widget-bauen-title\" data-id=\"9ac01c5\" data-element_type=\"widget\" data-e-type=\"widget\" data-widget_type=\"bauen-title.default\">\n\t\t\t\t<div class=\"elementor-widget-container\">\n\t\t\t\t\t\t\t\n\t\t\t\n\t\t\t\t\t\t<h2 class=\"section-title text-left\">Soluci\u00f3n de disputas de la UE<\/h2>\n\t\t\t\t\n\t\t\t\t\t\t<p><p>La Comisi\u00f3n Europea ofrece una <a href=\"https:\/\/ec.europa.eu\/consumers\/odr\/\"><span style=\"text-decoration: underline;\"><em><strong>plataforma para la resoluci\u00f3n de litigios en l\u00ednea (RLL)<\/strong><\/em><\/span><\/a>.<\/p><p>Puede encontrar nuestra direcci\u00f3n de correo electr\u00f3nico en el pie de imprenta.<\/p><\/p>\n\t\t\t\t\n        \n\t\t\t\n        \t\t\t\t<\/div>\n\t\t\t\t<\/div>\n\t\t\t\t<div class=\"elementor-element elementor-element-9b0c13d elementor-widget elementor-widget-bauen-title\" data-id=\"9b0c13d\" data-element_type=\"widget\" data-e-type=\"widget\" data-widget_type=\"bauen-title.default\">\n\t\t\t\t<div class=\"elementor-widget-container\">\n\t\t\t\t\t\t\t\n\t\t\t\n\t\t\t\t\t\t<h2 class=\"section-title text-left\">Resoluci\u00f3n de disputas de consumo\/Junta de arbitraje universal<\/h2>\n\t\t\t\t\n\t\t\t\t\t\t<p><p>No estamos dispuestos ni obligados a participar en procedimientos de resoluci\u00f3n de disputas ante una junta de arbitraje de consumidores.<\/p><\/p>\n\t\t\t\t\n        \n\t\t\t\n        \t\t\t\t<\/div>\n\t\t\t\t<\/div>\n\t\t\t\t\t<\/div>\n\t\t\t\t<\/div>\n\t\t\t\t<\/div>\n\t\t","protected":false},"excerpt":{"rendered":"<p>Aviso Legal Davison Media DigitalGarry Marc DavisonM\u00fcnsterstra\u00dfe 30440470 D\u00fcsseldorfAlemania Tel\u00e9fono: +49 152 097 97 97 2Correo electr\u00f3nico: info@davison-media.digital Soluci\u00f3n de disputas de la UE La Comisi\u00f3n Europea ofrece una plataforma para la resoluci\u00f3n de litigios en l\u00ednea (RLL). Puede encontrar nuestra direcci\u00f3n de correo electr\u00f3nico en el pie de imprenta. Resoluci\u00f3n de disputas de consumo\/Junta de arbitraje universal No estamos&#8230;<\/p>\n","protected":false},"author":1,"featured_media":0,"parent":0,"menu_order":0,"comment_status":"closed","ping_status":"closed","template":"","meta":{"footnotes":"","_links_to":"","_links_to_target":""},"class_list":["post-3752","page","type-page","status-publish","hentry"],"_links":{"self":[{"href":"https:\/\/luxola.spadesdesign.de\/es\/wp-json\/wp\/v2\/pages\/3752","targetHints":{"allow":["GET"]}}],"collection":[{"href":"https:\/\/luxola.spadesdesign.de\/es\/wp-json\/wp\/v2\/pages"}],"about":[{"href":"https:\/\/luxola.spadesdesign.de\/es\/wp-json\/wp\/v2\/types\/page"}],"author":[{"embeddable":true,"href":"https:\/\/luxola.spadesdesign.de\/es\/wp-json\/wp\/v2\/users\/1"}],"replies":[{"embeddable":true,"href":"https:\/\/luxola.spadesdesign.de\/es\/wp-json\/wp\/v2\/comments?post=3752"}],"version-history":[{"count":10,"href":"https:\/\/luxola.spadesdesign.de\/es\/wp-json\/wp\/v2\/pages\/3752\/revisions"}],"predecessor-version":[{"id":3952,"href":"https:\/\/luxola.spadesdesign.de\/es\/wp-json\/wp\/v2\/pages\/3752\/revisions\/3952"}],"wp:attachment":[{"href":"https:\/\/luxola.spadesdesign.de\/es\/wp-json\/wp\/v2\/media?parent=3752"}],"curies":[{"name":"wp","href":"https:\/\/api.w.org\/{rel}","templated":true}]}}