{"id":3750,"date":"2025-07-08T09:59:41","date_gmt":"2025-07-08T07:59:41","guid":{"rendered":"https:\/\/luxola.spadesdesign.de\/imprint\/"},"modified":"2025-07-08T16:06:53","modified_gmt":"2025-07-08T14:06:53","slug":"imprint","status":"publish","type":"page","link":"https:\/\/luxola.spadesdesign.de\/en\/imprint\/","title":{"rendered":"Imprint"},"content":{"rendered":"\t\t<div data-elementor-type=\"wp-page\" data-elementor-id=\"3750\" class=\"elementor elementor-3750 elementor-3734\" data-elementor-post-type=\"page\">\n\t\t\t\t<div class=\"elementor-element elementor-element-67b61996 e-con-full e-flex e-con e-parent\" data-id=\"67b61996\" data-element_type=\"container\" data-e-type=\"container\">\n\t\t\t\t<div class=\"elementor-element elementor-element-c0cc6a9 elementor-widget elementor-widget-bauen-title\" data-id=\"c0cc6a9\" data-element_type=\"widget\" data-e-type=\"widget\" data-widget_type=\"bauen-title.default\">\n\t\t\t\t<div class=\"elementor-widget-container\">\n\t\t\t\t\t\t\t\n\t\t\t\n\t\t\t\t\t\t<h2 class=\"section-title \">Imprint<\/h2>\n\t\t\t\t\n\t\t\t\t\t\t<p><p>Davison Media Digital<br \/>Garry Marc Davison<br \/>M\u00fcnsterstra\u00dfe 304<br \/>40470 D\u00fcsseldorf<br \/>Deutschland<\/p><p>Phone: <span style=\"text-decoration: underline;\"><em><strong><a href=\"tel:+4915209797972\">+49 152 097 97 97 2<\/a><\/strong><\/em><\/span><br \/>Email: <span style=\"text-decoration: underline;\"><em><strong><a href=\"mailto:info@davison-media.digital\">info@davison-media.digital<\/a><\/strong><\/em><\/span><\/p><\/p>\n\t\t\t\t\n        \n\t\t\t\n        \t\t\t\t<\/div>\n\t\t\t\t<\/div>\n\t\t\t\t<div class=\"elementor-element elementor-element-9ac01c5 elementor-widget elementor-widget-bauen-title\" data-id=\"9ac01c5\" data-element_type=\"widget\" data-e-type=\"widget\" data-widget_type=\"bauen-title.default\">\n\t\t\t\t<div class=\"elementor-widget-container\">\n\t\t\t\t\t\t\t\n\t\t\t\n\t\t\t\t\t\t<h2 class=\"section-title text-left\">EU dispute settlement<\/h2>\n\t\t\t\t\n\t\t\t\t\t\t<p><p>The European Commission provides a <a href=\"https:\/\/ec.europa.eu\/consumers\/odr\/\"><span style=\"text-decoration: underline;\"><em><strong>platform for online dispute resolution (ODR)<\/strong><\/em>.<\/span><\/a><\/p><p>You can find our email address above in the imprint.<\/p><\/p>\n\t\t\t\t\n        \n\t\t\t\n        \t\t\t\t<\/div>\n\t\t\t\t<\/div>\n\t\t\t\t<div class=\"elementor-element elementor-element-9b0c13d elementor-widget elementor-widget-bauen-title\" data-id=\"9b0c13d\" data-element_type=\"widget\" data-e-type=\"widget\" data-widget_type=\"bauen-title.default\">\n\t\t\t\t<div class=\"elementor-widget-container\">\n\t\t\t\t\t\t\t\n\t\t\t\n\t\t\t\t\t\t<h2 class=\"section-title text-left\">Consumer dispute resolution\/universal arbitration board<\/h2>\n\t\t\t\t\n\t\t\t\t\t\t<p><p>We are not willing or obliged to participate in dispute resolution proceedings before a consumer arbitration board.<\/p><\/p>\n\t\t\t\t\n        \n\t\t\t\n        \t\t\t\t<\/div>\n\t\t\t\t<\/div>\n\t\t\t\t<\/div>\n\t\t\t\t<\/div>\n\t\t","protected":false},"excerpt":{"rendered":"<p>Imprint Davison Media DigitalGarry Marc DavisonM\u00fcnsterstra\u00dfe 30440470 D\u00fcsseldorfDeutschland Phone: +49 152 097 97 97 2Email: info@davison-media.digital EU dispute settlement The European Commission provides a platform for online dispute resolution (ODR). You can find our email address above in the imprint. Consumer dispute resolution\/universal arbitration board We are not willing or obliged to participate in dispute resolution proceedings before a consumer&#8230;<\/p>\n","protected":false},"author":1,"featured_media":0,"parent":0,"menu_order":0,"comment_status":"closed","ping_status":"closed","template":"","meta":{"footnotes":"","_links_to":"","_links_to_target":""},"class_list":["post-3750","page","type-page","status-publish","hentry"],"_links":{"self":[{"href":"https:\/\/luxola.spadesdesign.de\/en\/wp-json\/wp\/v2\/pages\/3750","targetHints":{"allow":["GET"]}}],"collection":[{"href":"https:\/\/luxola.spadesdesign.de\/en\/wp-json\/wp\/v2\/pages"}],"about":[{"href":"https:\/\/luxola.spadesdesign.de\/en\/wp-json\/wp\/v2\/types\/page"}],"author":[{"embeddable":true,"href":"https:\/\/luxola.spadesdesign.de\/en\/wp-json\/wp\/v2\/users\/1"}],"replies":[{"embeddable":true,"href":"https:\/\/luxola.spadesdesign.de\/en\/wp-json\/wp\/v2\/comments?post=3750"}],"version-history":[{"count":10,"href":"https:\/\/luxola.spadesdesign.de\/en\/wp-json\/wp\/v2\/pages\/3750\/revisions"}],"predecessor-version":[{"id":3944,"href":"https:\/\/luxola.spadesdesign.de\/en\/wp-json\/wp\/v2\/pages\/3750\/revisions\/3944"}],"wp:attachment":[{"href":"https:\/\/luxola.spadesdesign.de\/en\/wp-json\/wp\/v2\/media?parent=3750"}],"curies":[{"name":"wp","href":"https:\/\/api.w.org\/{rel}","templated":true}]}}