{"id":4195,"date":"2025-07-08T09:59:41","date_gmt":"2025-07-08T07:59:41","guid":{"rendered":"https:\/\/luxola.spadesdesign.de\/avis-legal\/"},"modified":"2025-07-14T09:57:03","modified_gmt":"2025-07-14T07:57:03","slug":"avis-legal","status":"publish","type":"page","link":"https:\/\/luxola.spadesdesign.de\/ca\/avis-legal\/","title":{"rendered":"Av\u00eds legal"},"content":{"rendered":"\t\t<div data-elementor-type=\"wp-page\" data-elementor-id=\"4195\" class=\"elementor elementor-4195 elementor-3734\" data-elementor-post-type=\"page\">\n\t\t\t\t<div class=\"elementor-element elementor-element-67b61996 e-flex e-con-boxed e-con e-parent\" data-id=\"67b61996\" data-element_type=\"container\" data-e-type=\"container\">\n\t\t\t\t\t<div class=\"e-con-inner\">\n\t\t\t\t<div class=\"elementor-element elementor-element-c0cc6a9 elementor-widget elementor-widget-bauen-title\" data-id=\"c0cc6a9\" data-element_type=\"widget\" data-e-type=\"widget\" data-widget_type=\"bauen-title.default\">\n\t\t\t\t<div class=\"elementor-widget-container\">\n\t\t\t\t\t\t\t\n\t\t\t\n\t\t\t\t\t\t<h2 class=\"section-title \">Avis Legal<\/h2>\n\t\t\t\t\n\t\t\t\t\t\t<p><p>Davison Media Digital<br \/>Garry Marc Davison<br \/>M\u00fcnsterstra\u00dfe 304<br \/>40470 D\u00fcsseldorf<br \/>Alemanya<\/p><p>Tel\u00e8fon: <span style=\"text-decoration: underline;\"><em><strong><a href=\"tel:+4915209797972\">+49 152 097 97 97 2<\/a><\/strong><\/em><\/span><br \/>Correu electr\u00f2nic: <span style=\"text-decoration: underline;\"><em><strong><a href=\"mailto:info@davison-media.digital\">info@davison-media.digital<\/a><\/strong><\/em><\/span><\/p><\/p>\n\t\t\t\t\n        \n\t\t\t\n        \t\t\t\t<\/div>\n\t\t\t\t<\/div>\n\t\t\t\t<div class=\"elementor-element elementor-element-9ac01c5 elementor-widget elementor-widget-bauen-title\" data-id=\"9ac01c5\" data-element_type=\"widget\" data-e-type=\"widget\" data-widget_type=\"bauen-title.default\">\n\t\t\t\t<div class=\"elementor-widget-container\">\n\t\t\t\t\t\t\t\n\t\t\t\n\t\t\t\t\t\t<h2 class=\"section-title text-left\">Resoluci\u00f3 de controv\u00e8rsies de la UE<\/h2>\n\t\t\t\t\n\t\t\t\t\t\t<p><p>La Comissi\u00f3 Europea proporciona una <a href=\"https:\/\/ec.europa.eu\/consumers\/odr\/\"><span style=\"text-decoration: underline;\"><em><strong>plataforma per a la resoluci\u00f3 de conflictes en l\u00ednia (RLL)<\/strong><\/em><\/span><\/a>.<\/p><p>Podeu trobar la nostra adre\u00e7a de correu electr\u00f2nic a dalt a l'av\u00eds legal.<\/p><\/p>\n\t\t\t\t\n        \n\t\t\t\n        \t\t\t\t<\/div>\n\t\t\t\t<\/div>\n\t\t\t\t<div class=\"elementor-element elementor-element-9b0c13d elementor-widget elementor-widget-bauen-title\" data-id=\"9b0c13d\" data-element_type=\"widget\" data-e-type=\"widget\" data-widget_type=\"bauen-title.default\">\n\t\t\t\t<div class=\"elementor-widget-container\">\n\t\t\t\t\t\t\t\n\t\t\t\n\t\t\t\t\t\t<h2 class=\"section-title text-left\">Verbraucher\u00adstreit\u00adbeilegung\/Universal\u00adschlichtungs\u00adstelle<\/h2>\n\t\t\t\t\n\t\t\t\t\t\t<p><p>No estem disposats ni obligats a participar en procediments de resoluci\u00f3 de conflictes davant d'un consell d'arbitratge de consum.<\/p><\/p>\n\t\t\t\t\n        \n\t\t\t\n        \t\t\t\t<\/div>\n\t\t\t\t<\/div>\n\t\t\t\t\t<\/div>\n\t\t\t\t<\/div>\n\t\t\t\t<\/div>\n\t\t","protected":false},"excerpt":{"rendered":"<p>Avis Legal Davison Media DigitalGarry Marc DavisonM\u00fcnsterstra\u00dfe 30440470 D\u00fcsseldorfAlemanya Tel\u00e8fon: +49 152 097 97 97 2Correu electr\u00f2nic: info@davison-media.digital Resoluci\u00f3 de controv\u00e8rsies de la UE La Comissi\u00f3 Europea proporciona una plataforma per a la resoluci\u00f3 de conflictes en l\u00ednia (RLL). Podeu trobar la nostra adre\u00e7a de correu electr\u00f2nic a dalt a l&#8217;av\u00eds legal. Verbraucher\u00adstreit\u00adbeilegung\/Universal\u00adschlichtungs\u00adstelle No estem disposats ni obligats a participar&#8230;<\/p>\n","protected":false},"author":1,"featured_media":0,"parent":0,"menu_order":0,"comment_status":"closed","ping_status":"closed","template":"","meta":{"footnotes":"","_links_to":"","_links_to_target":""},"class_list":["post-4195","page","type-page","status-publish","hentry"],"_links":{"self":[{"href":"https:\/\/luxola.spadesdesign.de\/ca\/wp-json\/wp\/v2\/pages\/4195","targetHints":{"allow":["GET"]}}],"collection":[{"href":"https:\/\/luxola.spadesdesign.de\/ca\/wp-json\/wp\/v2\/pages"}],"about":[{"href":"https:\/\/luxola.spadesdesign.de\/ca\/wp-json\/wp\/v2\/types\/page"}],"author":[{"embeddable":true,"href":"https:\/\/luxola.spadesdesign.de\/ca\/wp-json\/wp\/v2\/users\/1"}],"replies":[{"embeddable":true,"href":"https:\/\/luxola.spadesdesign.de\/ca\/wp-json\/wp\/v2\/comments?post=4195"}],"version-history":[{"count":8,"href":"https:\/\/luxola.spadesdesign.de\/ca\/wp-json\/wp\/v2\/pages\/4195\/revisions"}],"predecessor-version":[{"id":4208,"href":"https:\/\/luxola.spadesdesign.de\/ca\/wp-json\/wp\/v2\/pages\/4195\/revisions\/4208"}],"wp:attachment":[{"href":"https:\/\/luxola.spadesdesign.de\/ca\/wp-json\/wp\/v2\/media?parent=4195"}],"curies":[{"name":"wp","href":"https:\/\/api.w.org\/{rel}","templated":true}]}}